{"id":1038,"date":"2020-09-30T16:57:43","date_gmt":"2020-09-30T16:57:43","guid":{"rendered":"https:\/\/www.fortunedreamer.com\/?post_type=product&#038;p=1038"},"modified":"2025-09-04T20:11:15","modified_gmt":"2025-09-04T20:11:15","slug":"cups","status":"publish","type":"product","link":"https:\/\/fortunedreamer.com\/tr\/product\/cups\/","title":{"rendered":"Cups"},"content":{"rendered":"<h1>T\u00fcrk Kahvesi Fincan\u0131<\/h1>\n<p>Kahve telvesi ve \u00e7ay yapra\u011f\u0131 okuma sanat\u0131n\u0131 \u00f6zel kahve fincan\u0131 ve T\u00fcrk Kahvesi Fal\u0131 K\u00fclt\u00fcr\u00fc k\u0131lavuzu ile \u00f6\u011frenebilirsiniz. T\u00fcrk Kahvesi fal\u0131 k\u00fclt\u00fcr\u00fc 17. y\u00fczy\u0131ldan itibaren Osmanl\u0131 saray\u0131nda ba\u015flam\u0131\u015f ve daha sonra Avrupa \u00fclkelerine yay\u0131lm\u0131\u015ft\u0131r. Kitab\u0131n i\u00e7eri\u011finde (Osmanl\u0131 D\u00f6neminde Kahve ve Fal, T\u00fcrk Kahvesinin Haz\u0131rlan\u0131\u015f\u0131 ve Sunumu, Rit\u00fcel, Sembollerin f\u0131s\u0131lt\u0131s\u0131, Fal S\u00f6zl\u00fc\u011f\u00fc, G\u00f6kteki Y\u0131ld\u0131zlarla Astroloji) yer al\u0131r.<\/p>\n<p>Fincan\u0131n\u0131zla birlikte gelen bu rehber kitap iki \u015fekilde kullan\u0131labilir. Fincan\u0131n tasar\u0131m\u0131ndaki motifler ve astrolojik semboller, i\u00e7g\u00fcd\u00fclerinizi do\u011fru yola sokacak sezgilerinize odaklanman\u0131za yard\u0131mc\u0131 olacak bir ipucu verecektir. Zaman i\u00e7inde yorumlar\u0131n\u0131za daha fazla g\u00fcvendi\u011finizde, bu kitapta ayr\u0131nt\u0131lar\u0131 verilen geleneksel yorum ve y\u00f6ntemleri kullanarak kendi g\u00f6r\u00fc\u015flerinizi geli\u015ftirmeye devam edebilirsiniz. (renkli, 44 sayfa, 16 x 16 cm, 100&#8217;den fazla a\u00e7\u0131klama)<\/p>\n<p>Porselen fincan (5,5 cm y\u00fcksekli\u011finde 10 cm geni\u015fli\u011finde) ve tabak (16,5 cm \u00e7ap\u0131nda). Fincan ve taba\u011f\u0131n \u00fczerine desen olarak 22 ayar alt\u0131n uygulanm\u0131\u015ft\u0131r.<\/p>\n<p>Kutu i\u00e7erisinde fincanla birlikte 100 gram T\u00fcrk kahvesi de yer almaktad\u0131r.<\/p>\n<p>\u015eimdi kendinize bir fincan kahve (T\u00fcrk kahvesi &#8211; taze \u00e7ekilmi\u015f kahve) veya \u00e7ay haz\u0131rlay\u0131n&#8230; \u0130\u00e7erken rahatlamaya \u00e7al\u0131\u015f\u0131n ve zihninizi bo\u015falt\u0131n ve i\u00e7 sesinizi dinleyin.<\/p>\n","protected":false},"excerpt":{"rendered":"<p>T\u00fcrk Kahvesi Fincan\u0131 Kahve telvesi ve \u00e7ay yapra\u011f\u0131 okuma sanat\u0131n\u0131 \u00f6zel kahve fincan\u0131 ve T\u00fcrk Kahvesi Fal\u0131 K\u00fclt\u00fcr\u00fc k\u0131lavuzu ile \u00f6\u011frenebilirsiniz. T\u00fcrk Kahvesi fal\u0131 k\u00fclt\u00fcr\u00fc 17. y\u00fczy\u0131ldan itibaren Osmanl\u0131 saray\u0131nda ba\u015flam\u0131\u015f ve daha sonra Avrupa \u00fclkelerine yay\u0131lm\u0131\u015ft\u0131r. Kitab\u0131n i\u00e7eri\u011finde (Osmanl\u0131 D\u00f6neminde Kahve ve Fal, T\u00fcrk Kahvesinin Haz\u0131rlan\u0131\u015f\u0131 ve Sunumu, Rit\u00fcel, Sembollerin f\u0131s\u0131lt\u0131s\u0131, Fal S\u00f6zl\u00fc\u011f\u00fc, G\u00f6kteki &hellip;<\/p>\n","protected":false},"featured_media":1219,"comment_status":"open","ping_status":"closed","template":"","meta":[],"product_brand":[],"product_cat":[50],"product_tag":[],"class_list":{"0":"post-1038","1":"product","2":"type-product","3":"status-publish","4":"has-post-thumbnail","6":"product_cat-cups","8":"first","9":"instock","10":"shipping-taxable","11":"purchasable","12":"product-type-simple"},"translation":{"provider":"WPGlobus","version":"3.0.0","language":"tr","enabled_languages":["en","tr"],"languages":{"en":{"title":true,"content":true,"excerpt":false},"tr":{"title":false,"content":true,"excerpt":false}}},"_links":{"self":[{"href":"https:\/\/fortunedreamer.com\/tr\/wp-json\/wp\/v2\/product\/1038","targetHints":{"allow":["GET"]}}],"collection":[{"href":"https:\/\/fortunedreamer.com\/tr\/wp-json\/wp\/v2\/product"}],"about":[{"href":"https:\/\/fortunedreamer.com\/tr\/wp-json\/wp\/v2\/types\/product"}],"replies":[{"embeddable":true,"href":"https:\/\/fortunedreamer.com\/tr\/wp-json\/wp\/v2\/comments?post=1038"}],"wp:featuredmedia":[{"embeddable":true,"href":"https:\/\/fortunedreamer.com\/tr\/wp-json\/wp\/v2\/media\/1219"}],"wp:attachment":[{"href":"https:\/\/fortunedreamer.com\/tr\/wp-json\/wp\/v2\/media?parent=1038"}],"wp:term":[{"taxonomy":"product_brand","embeddable":true,"href":"https:\/\/fortunedreamer.com\/tr\/wp-json\/wp\/v2\/product_brand?post=1038"},{"taxonomy":"product_cat","embeddable":true,"href":"https:\/\/fortunedreamer.com\/tr\/wp-json\/wp\/v2\/product_cat?post=1038"},{"taxonomy":"product_tag","embeddable":true,"href":"https:\/\/fortunedreamer.com\/tr\/wp-json\/wp\/v2\/product_tag?post=1038"}],"curies":[{"name":"wp","href":"https:\/\/api.w.org\/{rel}","templated":true}]}}