{"id":1294,"date":"2024-12-16T19:53:28","date_gmt":"2024-12-16T19:53:28","guid":{"rendered":"https:\/\/fortunedreamer.com\/?post_type=product&#038;p=1294"},"modified":"2025-06-24T11:02:34","modified_gmt":"2025-06-24T11:02:34","slug":"seljuk-ceramic-light-sculpture","status":"publish","type":"product","link":"https:\/\/fortunedreamer.com\/tr\/product\/seljuk-ceramic-light-sculpture\/","title":{"rendered":"\u201cSel\u00e7uklu Y\u0131ld\u0131z\u0131\u201d K\u00fcbik Seramik I\u015f\u0131k Heykeli"},"content":{"rendered":"<h2>&#8220;Seljuk Star&#8221; Cubic Ceramic Light Sculpture<\/h2>\n<p>Sel\u00e7uklu Y\u0131ld\u0131z\u0131, tarihi T\u00fcrk sanat\u0131n\u0131n en etkileyici ve derin anlaml\u0131 motiflerinden biridir. Sekiz k\u00f6\u015fesiyle evrenin birle\u015ftirici unsurlar\u0131n\u0131 temsil eder ve zarif geometrik yap\u0131s\u0131yla b\u00fcy\u00fcler. Bu e\u015fsiz motif, el yap\u0131m\u0131 seramik tasar\u0131m\u0131yla modern bir dokunu\u015f kazanarak ve sadece g\u00f6rsel bir \u00f6\u011feye de\u011fil, ayn\u0131 zamanda her mekana anlam, huzur ve zarafet getiren bir \u0131\u015f\u0131k kayna\u011f\u0131na d\u00f6n\u00fc\u015f\u00fcr.<\/p>\n<p><strong>Anlamla \u00d6r\u00fclm\u00fc\u015f Geometrik Bir Miras: \u201cSel\u00e7uklu Y\u0131ld\u0131z\u0131\u201d<\/strong><\/p>\n<p>Derin bir anlam\u0131n geometrik yans\u0131mas\u0131 olan sekiz k\u00f6\u015feli Sel\u00e7uklu y\u0131ld\u0131z\u0131, estetik zarafeti ve derinli\u011fiyle y\u00fczy\u0131llar boyunca mimariyi ve sanat\u0131 s\u00fcslemi\u015ftir. \u00d6z\u00fcnde birbirine kenetlenmi\u015f iki kare form yer al\u0131r. Bu tasar\u0131m, fiziksel ve ruhsal d\u00fcnyalar\u0131n uyumunu sembolize ederek dengeli bir ya\u015fam\u0131n anahtar\u0131n\u0131, birlik ve b\u00fct\u00fcnl\u00fc\u011f\u00fcn \u00f6nemini vurgular. Sel\u00e7uklu y\u0131ld\u0131z\u0131n\u0131n her bir noktas\u0131 farkl\u0131 bir erdemi temsil eder: sab\u0131r, d\u00fcr\u00fcstl\u00fck, sadakat, adalet, \u015fefkat, c\u00f6mertlik, bilgelik ve minnettarl\u0131k. Bu sadece geometrik bir \u015fekil de\u011fil, felsefi bir ifadedir. Kusursuz simetrisi tasar\u0131mda g\u00f6rsel denge yarat\u0131rken mekanlara mistik bir hava katar.<\/p>\n<p><strong>K\u00fcbik I\u015f\u0131k Heykeli ile geleneksel bir motife modern bir yorum&#8230;<\/strong><\/p>\n<p>Sanat, ge\u00e7mi\u015fle bug\u00fcn aras\u0131nda k\u00f6pr\u00fc kurarken bir hikaye anlat\u0131r. Geleneksel \u201cSel\u00e7uklu Y\u0131ld\u0131z\u0131\u201d motifine sahip k\u00fcbik \u0131\u015f\u0131k heykeli, do\u011fan\u0131n arma\u011fan\u0131 kilden \u00fcretilen el yap\u0131m\u0131 k\u00fcbik seramik tasar\u0131m\u0131yla bu hikayenin modern bir yeniden yorumunu sunuyor.<\/p>\n<p>Seramik y\u00fczeyindeki karma\u015f\u0131k perde detaylar\u0131, \u0131\u015f\u0131\u011f\u0131n kilin i\u00e7inden s\u00fcz\u00fclerek d\u0131\u015far\u0131ya yans\u0131mas\u0131n\u0131 sa\u011flayarak b\u00fcy\u00fcleyici bir g\u00f6lge oyunu yarat\u0131yor. Kil dokusunun do\u011fal s\u0131cakl\u0131\u011f\u0131 ve \u0131\u015f\u0131\u011f\u0131n seramik y\u00fczeydeki dans\u0131, \u0131\u015f\u0131k ve g\u00f6lge aras\u0131ndaki etkile\u015fim, ortama dinamik bir ambiyans katarak sakin bir atmosferi besliyor.<\/p>\n<p><strong>Karanl\u0131kta Bir Hikaye: Sel\u00e7uklu Y\u0131ld\u0131z\u0131n\u0131n I\u015f\u0131\u011f\u0131<\/strong><\/p>\n<p>Karanl\u0131kta her \u0131\u015f\u0131k bir hikaye anlat\u0131r. Bu el yap\u0131m\u0131 k\u00fcbik seramik \u0131\u015f\u0131k formu, sel\u00e7uklu y\u0131ld\u0131z\u0131n\u0131n zarafetini ve mistik anlam\u0131n\u0131 modern bir yorumla ya\u015fam alanlar\u0131na ta\u015f\u0131yor.<\/p>\n<p>G\u00f6lgeler duvarlar\u0131n\u0131zda dans ederken \u0131\u015f\u0131\u011f\u0131n b\u00fcy\u00fcl\u00fc yolculu\u011funu izleyin&#8230;<\/p>\n<h5><strong>\u201cSel\u00e7uklu Y\u0131ld\u0131z\u0131\u201d K\u00fcbik Seramik I\u015f\u0131k Heykeli &#8211; eser \u00f6zellikleri:<\/strong><\/h5>\n<ul>\n<li>\u00d6l\u00e7\u00fc: 22 x 18.5 x 18.5 cm<\/li>\n<li>Materyal &#8211; El yap\u0131m\u0131 seramik s\u0131rl\u0131 form 16 x 16 x 15.5 cm<\/li>\n<li>Seramik formun alt\u0131nda \u0131\u015f\u0131k d\u00fczenlemesi: 18.5 x 18.5 x 6 cm<\/li>\n<li>AB kablo<\/li>\n<\/ul>\n","protected":false},"excerpt":{"rendered":"<p>&#8220;Seljuk Star&#8221; Cubic Ceramic Light Sculpture Sel\u00e7uklu Y\u0131ld\u0131z\u0131, tarihi T\u00fcrk sanat\u0131n\u0131n en etkileyici ve derin anlaml\u0131 motiflerinden biridir. Sekiz k\u00f6\u015fesiyle evrenin birle\u015ftirici unsurlar\u0131n\u0131 temsil eder ve zarif geometrik yap\u0131s\u0131yla b\u00fcy\u00fcler. Bu e\u015fsiz motif, el yap\u0131m\u0131 seramik tasar\u0131m\u0131yla modern bir dokunu\u015f kazanarak ve sadece g\u00f6rsel bir \u00f6\u011feye de\u011fil, ayn\u0131 zamanda her mekana anlam, huzur ve zarafet &hellip;<\/p>\n","protected":false},"featured_media":1296,"comment_status":"open","ping_status":"closed","template":"","meta":[],"product_brand":[],"product_cat":[51],"product_tag":[49,48,47,58,57,45,52,44,43,42,41,40,39],"class_list":{"0":"post-1294","1":"product","2":"type-product","3":"status-publish","4":"has-post-thumbnail","6":"product_cat-ceramic-lighting","7":"product_tag-art","8":"product_tag-ceramic","9":"product_tag-culture","10":"product_tag-design","11":"product_tag-interior","12":"product_tag-mysticearth","13":"product_tag-ottoman","14":"product_tag-sculpture","15":"product_tag-seljuk-star","16":"product_tag-shadow","17":"product_tag-soul","18":"product_tag-spiritualawaikining","19":"product_tag-symbols","21":"first","22":"instock","23":"shipping-taxable","24":"purchasable","25":"product-type-simple"},"translation":{"provider":"WPGlobus","version":"3.0.0","language":"tr","enabled_languages":["en","tr"],"languages":{"en":{"title":true,"content":true,"excerpt":false},"tr":{"title":true,"content":true,"excerpt":false}}},"_links":{"self":[{"href":"https:\/\/fortunedreamer.com\/tr\/wp-json\/wp\/v2\/product\/1294","targetHints":{"allow":["GET"]}}],"collection":[{"href":"https:\/\/fortunedreamer.com\/tr\/wp-json\/wp\/v2\/product"}],"about":[{"href":"https:\/\/fortunedreamer.com\/tr\/wp-json\/wp\/v2\/types\/product"}],"replies":[{"embeddable":true,"href":"https:\/\/fortunedreamer.com\/tr\/wp-json\/wp\/v2\/comments?post=1294"}],"wp:featuredmedia":[{"embeddable":true,"href":"https:\/\/fortunedreamer.com\/tr\/wp-json\/wp\/v2\/media\/1296"}],"wp:attachment":[{"href":"https:\/\/fortunedreamer.com\/tr\/wp-json\/wp\/v2\/media?parent=1294"}],"wp:term":[{"taxonomy":"product_brand","embeddable":true,"href":"https:\/\/fortunedreamer.com\/tr\/wp-json\/wp\/v2\/product_brand?post=1294"},{"taxonomy":"product_cat","embeddable":true,"href":"https:\/\/fortunedreamer.com\/tr\/wp-json\/wp\/v2\/product_cat?post=1294"},{"taxonomy":"product_tag","embeddable":true,"href":"https:\/\/fortunedreamer.com\/tr\/wp-json\/wp\/v2\/product_tag?post=1294"}],"curies":[{"name":"wp","href":"https:\/\/api.w.org\/{rel}","templated":true}]}}