{"id":1298,"date":"2024-12-16T19:57:58","date_gmt":"2024-12-16T19:57:58","guid":{"rendered":"https:\/\/fortunedreamer.com\/?post_type=product&#038;p=1298"},"modified":"2025-09-04T20:11:41","modified_gmt":"2025-09-04T20:11:41","slug":"pyramid-ceramic-light-sculpture-efsun","status":"publish","type":"product","link":"https:\/\/fortunedreamer.com\/tr\/product\/pyramid-ceramic-light-sculpture-efsun\/","title":{"rendered":"\u00c7intemani Motifli &#8211; Piramit Seramik I\u015f\u0131k Heykeli &#8220;Efsun&#8221;"},"content":{"rendered":"<h2>\u00c7intemani Motifli &#8211; Piramit Seramik I\u015f\u0131k Heykeli &#8220;Efsun&#8221;<\/h2>\n<p>\u00c7intemani motifi T\u00fcrk-\u0130slam sanat\u0131nda tarihi ve sembolik anlamlar ta\u015f\u0131yan \u00f6nemli bir tasar\u0131md\u0131r. \u00dc\u00e7 daire ve yatay \u00e7izgilerden olu\u015fan bu motif g\u00fc\u00e7, kuvvet ve s\u00fck\u00fbneti simgeler. \u00dc\u00e7 nokta evrenin d\u00fczenini, insan\u0131n i\u00e7 dengesini ve do\u011fan\u0131n uyumunu temsil ederken, aralar\u0131ndaki dalgal\u0131 \u00e7izgiler enerji ak\u0131\u015f\u0131n\u0131 ve sonsuzlu\u011fu ifade eder. Geleneksel \u00c7intemani motifi piramit formuyla birle\u015fti\u011finde ortaya g\u00fc\u00e7l\u00fc bir estetik ve mistik de\u011fer \u00e7\u0131k\u0131yor. Tarihin en eski sembollerinden biri olan piramit formu, y\u00fckseli\u015fi, dayan\u0131kl\u0131l\u0131\u011f\u0131 ve insano\u011flunun ruhani yolculu\u011funu sembolize eder. Bu kombinasyon tasar\u0131ma hem g\u00f6rsel bir zarafet hem de derin bir anlam katar.<\/p>\n<p>Form \u00fczerindeki ajur \u00e7al\u0131\u015fmas\u0131 motifi sadece dekoratif bir unsura de\u011fil, ayn\u0131 zamanda bir \u0131\u015f\u0131k ve g\u00f6lge oyununa d\u00f6n\u00fc\u015f\u00fcr. Ajur detaylar\u0131ndan akan \u201cEfsun I\u015f\u0131\u011f\u0131 \u201dn\u0131n g\u00f6lgeleri mekana yay\u0131larak duvarlarda \u00c7intemani desenlerinin soyut yans\u0131malar\u0131n\u0131 olu\u015fturur.<\/p>\n<p>\u00c7intemani motifli piramit heykel formu kilden el yap\u0131m\u0131 olarak \u00fcretilmi\u015ftir. Kilin do\u011fal s\u0131cakl\u0131\u011f\u0131 ve \u0131\u015f\u0131\u011f\u0131n seramik y\u00fczeydeki dans\u0131, \u0131\u015f\u0131k ve g\u00f6lge aras\u0131ndaki etkile\u015fim mek\u00e2na dinamik bir atmosfer katarak dingin bir ortam yarat\u0131r.<\/p>\n<p>Sanat ge\u00e7mi\u015fi birle\u015ftirirken bir hikaye anlat\u0131r.<\/p>\n<p><strong>\u00c7intemani Motifli Seramik I\u015f\u0131k Kayna\u011f\u0131 &#8220;Efsun&#8221; &#8211; Eser \u00d6zellikleri:<\/strong><\/p>\n<ul>\n<li>Boyutlar: 25 x 25 x 32 cm.<\/li>\n<li>Malzeme: El yap\u0131m\u0131 s\u0131rl\u0131 seramik form 25x25x25 cm, h. 19.5 cm<\/li>\n<li>El oymas\u0131 \u00fc\u00e7gen masif me\u015fe \u0131\u015f\u0131k d\u00fczene\u011fi 32x32x30 cm, h. 6 cm<\/li>\n<li>AB kablosu<\/li>\n<\/ul>\n","protected":false},"excerpt":{"rendered":"<p>\u00c7intemani Motifli &#8211; Piramit Seramik I\u015f\u0131k Heykeli &#8220;Efsun&#8221; \u00c7intemani motifi T\u00fcrk-\u0130slam sanat\u0131nda tarihi ve sembolik anlamlar ta\u015f\u0131yan \u00f6nemli bir tasar\u0131md\u0131r. \u00dc\u00e7 daire ve yatay \u00e7izgilerden olu\u015fan bu motif g\u00fc\u00e7, kuvvet ve s\u00fck\u00fbneti simgeler. \u00dc\u00e7 nokta evrenin d\u00fczenini, insan\u0131n i\u00e7 dengesini ve do\u011fan\u0131n uyumunu temsil ederken, aralar\u0131ndaki dalgal\u0131 \u00e7izgiler enerji ak\u0131\u015f\u0131n\u0131 ve sonsuzlu\u011fu ifade eder. Geleneksel &hellip;<\/p>\n","protected":false},"featured_media":1347,"comment_status":"open","ping_status":"closed","template":"","meta":[],"product_brand":[],"product_cat":[51],"product_tag":[49,48,54,47,62,57,63,56,52,55,42],"class_list":{"0":"post-1298","1":"product","2":"type-product","3":"status-publish","4":"has-post-thumbnail","6":"product_cat-ceramic-lighting","7":"product_tag-art","8":"product_tag-ceramic","9":"product_tag-cintemani","10":"product_tag-culture","11":"product_tag-geometric-patterns","12":"product_tag-interior","13":"product_tag-islamic","14":"product_tag-lighting","15":"product_tag-ottoman","16":"product_tag-pyramid","17":"product_tag-shadow","19":"first","20":"instock","21":"shipping-taxable","22":"purchasable","23":"product-type-simple"},"translation":{"provider":"WPGlobus","version":"3.0.0","language":"tr","enabled_languages":["en","tr"],"languages":{"en":{"title":true,"content":true,"excerpt":false},"tr":{"title":true,"content":true,"excerpt":false}}},"_links":{"self":[{"href":"https:\/\/fortunedreamer.com\/tr\/wp-json\/wp\/v2\/product\/1298","targetHints":{"allow":["GET"]}}],"collection":[{"href":"https:\/\/fortunedreamer.com\/tr\/wp-json\/wp\/v2\/product"}],"about":[{"href":"https:\/\/fortunedreamer.com\/tr\/wp-json\/wp\/v2\/types\/product"}],"replies":[{"embeddable":true,"href":"https:\/\/fortunedreamer.com\/tr\/wp-json\/wp\/v2\/comments?post=1298"}],"wp:featuredmedia":[{"embeddable":true,"href":"https:\/\/fortunedreamer.com\/tr\/wp-json\/wp\/v2\/media\/1347"}],"wp:attachment":[{"href":"https:\/\/fortunedreamer.com\/tr\/wp-json\/wp\/v2\/media?parent=1298"}],"wp:term":[{"taxonomy":"product_brand","embeddable":true,"href":"https:\/\/fortunedreamer.com\/tr\/wp-json\/wp\/v2\/product_brand?post=1298"},{"taxonomy":"product_cat","embeddable":true,"href":"https:\/\/fortunedreamer.com\/tr\/wp-json\/wp\/v2\/product_cat?post=1298"},{"taxonomy":"product_tag","embeddable":true,"href":"https:\/\/fortunedreamer.com\/tr\/wp-json\/wp\/v2\/product_tag?post=1298"}],"curies":[{"name":"wp","href":"https:\/\/api.w.org\/{rel}","templated":true}]}}