{"id":1302,"date":"2024-12-16T20:02:55","date_gmt":"2024-12-16T20:02:55","guid":{"rendered":"https:\/\/fortunedreamer.com\/?post_type=product&#038;p=1302"},"modified":"2025-09-04T20:11:57","modified_gmt":"2025-09-04T20:11:57","slug":"the-light-shining-tulip-light-lal-i-nur","status":"publish","type":"product","link":"https:\/\/fortunedreamer.com\/tr\/product\/the-light-shining-tulip-light-lal-i-nur\/","title":{"rendered":"Parlayan Lale I\u015f\u0131\u011f\u0131 &#8211; \u201cL\u00e2l-i Nur\u201d"},"content":{"rendered":"<p>Duvarlara yans\u0131yan g\u00f6lge desenleriyle mek\u00e2nda huzurlu bir atmosfer yaratan \u201cL\u00e2l-i Nur\u201d, ad\u0131n\u0131 \u201c\u0131\u015f\u0131kla parlayan lale\u201d anlam\u0131ndan al\u0131yor.<\/p>\n<p>Lale, Osmanl\u0131-T\u00fcrk k\u00fclt\u00fcr\u00fcnde zarafetin, sadeli\u011fin ve ge\u00e7icili\u011fin sembol\u00fcd\u00fcr. Osmanl\u0131 d\u00f6neminde \u201cLale Devri\u201d olarak bilinen ve sanatta, estetikte ve hayat\u0131n en ince detaylar\u0131nda bir devrimi temsil eden d\u00f6nem, lale motifini estetik bir sembole d\u00f6n\u00fc\u015ft\u00fcrm\u00fc\u015ft\u00fcr. Lale ayn\u0131 zamanda \u0130slam k\u00fclt\u00fcr\u00fcnde Allah&#8217;\u0131n isminin (Arap\u00e7a Elif, Lam, He harfleri) sembolik bir temsili olarak g\u00f6r\u00fcl\u00fcr ve mistik bir de\u011fer ta\u015f\u0131r. Bu da lale formuna bir tasar\u0131m \u00f6\u011fesi olarak daha derin anlamlar katmaktad\u0131r.<\/p>\n<p>Do\u011fadan ilham alan lale formu evrensel olarak zarafeti, uyumu ve ya\u015fam d\u00f6ng\u00fcs\u00fcn\u00fcn g\u00fczelli\u011fini sembolize eder. Modern tasar\u0131mda bu estetik, geleneksel k\u00f6klerinden kopmadan \u00e7a\u011fda\u015f bir anlay\u0131\u015fla yorumlanabilir.<\/p>\n<p>L\u00e2l-i Nur \u0131\u015f\u0131k formu el yap\u0131m\u0131 seramikten \u00fcretilmi\u015ftir. Kilin dokusundan gelen do\u011fal s\u0131cakl\u0131k ve \u00fczerindeki ajur desenleri, \u0131\u015f\u0131\u011f\u0131n nazik\u00e7e s\u00fcz\u00fclmesini sa\u011flayarak duvarda zarif g\u00f6lgeler yaratarak, seramik taban\u0131ndaki bulut benzeri detaylar, formun do\u011fayla ve mistik unsurlarla olan ba\u011flant\u0131s\u0131n\u0131 g\u00fc\u00e7lendiriyor. Bu g\u00f6lgeler mekan\u0131 bir sanat eseri gibi doldurarak huzurlu bir atmosfer yarat\u0131yor.<\/p>\n<p>Sanat, ge\u00e7mi\u015fle bug\u00fcn\u00fc birle\u015ftirirken bir hikaye anlat\u0131r.<\/p>\n<p><strong>I\u015f\u0131k Sa\u00e7an Lale I\u015f\u0131\u011f\u0131 &#8211; \u201cL\u00e2l-i Nur\u201d &#8211; Eser \u00d6zellikleri:<\/strong><\/p>\n<p>Boyutlar: 17,5 x 15 x 15 cm<br \/>\nMalzeme &#8211; El yap\u0131m\u0131 s\u0131rl\u0131 seramik form: 17,5 x 15 x 15 cm<br \/>\nEl oymas\u0131 \u00fc\u00e7gen masif me\u015fe kaide ve \u0131\u015f\u0131k d\u00fczeni: 20&#215;20 cm, h: 5,5 cm<br \/>\nAB kablosu<\/p>\n<p>&nbsp;<\/p>\n","protected":false},"excerpt":{"rendered":"<p>Duvarlara yans\u0131yan g\u00f6lge desenleriyle mek\u00e2nda huzurlu bir atmosfer yaratan \u201cL\u00e2l-i Nur\u201d, ad\u0131n\u0131 \u201c\u0131\u015f\u0131kla parlayan lale\u201d anlam\u0131ndan al\u0131yor. Lale, Osmanl\u0131-T\u00fcrk k\u00fclt\u00fcr\u00fcnde zarafetin, sadeli\u011fin ve ge\u00e7icili\u011fin sembol\u00fcd\u00fcr. Osmanl\u0131 d\u00f6neminde \u201cLale Devri\u201d olarak bilinen ve sanatta, estetikte ve hayat\u0131n en ince detaylar\u0131nda bir devrimi temsil eden d\u00f6nem, lale motifini estetik bir sembole d\u00f6n\u00fc\u015ft\u00fcrm\u00fc\u015ft\u00fcr. Lale ayn\u0131 zamanda \u0130slam k\u00fclt\u00fcr\u00fcnde &hellip;<\/p>\n","protected":false},"featured_media":1334,"comment_status":"open","ping_status":"closed","template":"","meta":[],"product_brand":[],"product_cat":[51],"product_tag":[48,59,47,62,57,63,56,45,60,42,40,39,61],"class_list":{"0":"post-1302","1":"product","2":"type-product","3":"status-publish","4":"has-post-thumbnail","6":"product_cat-ceramic-lighting","7":"product_tag-ceramic","8":"product_tag-ceramic-lighting","9":"product_tag-culture","10":"product_tag-geometric-patterns","11":"product_tag-interior","12":"product_tag-islamic","13":"product_tag-lighting","14":"product_tag-mysticearth","15":"product_tag-ottoman-motif","16":"product_tag-shadow","17":"product_tag-spiritualawaikining","18":"product_tag-symbols","19":"product_tag-tulip","21":"first","22":"instock","23":"shipping-taxable","24":"purchasable","25":"product-type-simple"},"translation":{"provider":"WPGlobus","version":"3.0.0","language":"tr","enabled_languages":["en","tr"],"languages":{"en":{"title":true,"content":true,"excerpt":false},"tr":{"title":true,"content":true,"excerpt":false}}},"_links":{"self":[{"href":"https:\/\/fortunedreamer.com\/tr\/wp-json\/wp\/v2\/product\/1302","targetHints":{"allow":["GET"]}}],"collection":[{"href":"https:\/\/fortunedreamer.com\/tr\/wp-json\/wp\/v2\/product"}],"about":[{"href":"https:\/\/fortunedreamer.com\/tr\/wp-json\/wp\/v2\/types\/product"}],"replies":[{"embeddable":true,"href":"https:\/\/fortunedreamer.com\/tr\/wp-json\/wp\/v2\/comments?post=1302"}],"wp:featuredmedia":[{"embeddable":true,"href":"https:\/\/fortunedreamer.com\/tr\/wp-json\/wp\/v2\/media\/1334"}],"wp:attachment":[{"href":"https:\/\/fortunedreamer.com\/tr\/wp-json\/wp\/v2\/media?parent=1302"}],"wp:term":[{"taxonomy":"product_brand","embeddable":true,"href":"https:\/\/fortunedreamer.com\/tr\/wp-json\/wp\/v2\/product_brand?post=1302"},{"taxonomy":"product_cat","embeddable":true,"href":"https:\/\/fortunedreamer.com\/tr\/wp-json\/wp\/v2\/product_cat?post=1302"},{"taxonomy":"product_tag","embeddable":true,"href":"https:\/\/fortunedreamer.com\/tr\/wp-json\/wp\/v2\/product_tag?post=1302"}],"curies":[{"name":"wp","href":"https:\/\/api.w.org\/{rel}","templated":true}]}}